{"id":68,"date":"2026-03-17T07:20:22","date_gmt":"2026-03-17T07:20:22","guid":{"rendered":"https:\/\/iznzzzdj.elementor.cloud\/strona-glowna\/"},"modified":"2026-04-01T19:14:22","modified_gmt":"2026-04-01T17:14:22","slug":"strona-glowna","status":"publish","type":"page","link":"https:\/\/gal-finanse.pl\/","title":{"rendered":"Strona G\u0142\u00f3wna"},"content":{"rendered":"\t\t<div data-elementor-type=\"wp-page\" data-elementor-id=\"68\" class=\"elementor elementor-68\" data-elementor-post-type=\"page\">\n\t\t\t\t<div class=\"elementor-element elementor-element-0cbd8d7 e-con-full e-flex e-con e-parent\" data-id=\"0cbd8d7\" data-element_type=\"container\" data-e-type=\"container\" data-settings=\"{&quot;background_background&quot;:&quot;video&quot;,&quot;background_video_link&quot;:&quot;http:\\\/\\\/gal-finanse.pl\\\/wp-content\\\/uploads\\\/2026\\\/03\\\/7693410-hd_1920_1080_25fps.mp4&quot;,&quot;background_play_on_mobile&quot;:&quot;yes&quot;,&quot;background_privacy_mode&quot;:&quot;yes&quot;}\">\n\t\t<div class=\"elementor-background-video-container\">\n\t\t\t\t\t\t\t<video class=\"elementor-background-video-hosted\" role=\"presentation\" autoplay muted playsinline loop><\/video>\n\t\t\t\t\t<\/div><div class=\"elementor-element elementor-element-5e03ecf e-flex e-con-boxed e-con e-child\" data-id=\"5e03ecf\" data-element_type=\"container\" data-e-type=\"container\">\n\t\t\t\t\t<div class=\"e-con-inner\">\n\t\t\t\t<div class=\"elementor-element elementor-element-4d3d5e6 elementor-widget elementor-widget-text-editor\" data-id=\"4d3d5e6\" data-element_type=\"widget\" data-e-type=\"widget\" data-widget_type=\"text-editor.default\">\n\t\t\t\t\t\t\t\t\t<h6><b>profesjonalna ksi\u0119gowo\u015b\u0107 dla Twojej firmy<\/b><\/h6>\t\t\t\t\t\t\t\t<\/div>\n\t\t\t\t<div class=\"elementor-element elementor-element-7c94449 elementor-widget elementor-widget-heading\" data-id=\"7c94449\" data-element_type=\"widget\" data-e-type=\"widget\" data-widget_type=\"heading.default\">\n\t\t\t\t\t<h1 class=\"elementor-heading-title elementor-size-default\">Twoje finanse pod kontrol\u0105<\/h1>\t\t\t\t<\/div>\n\t\t\t\t<div class=\"elementor-element elementor-element-525cd23 elementor-align-center elementor-widget__width-initial elementor-mobile-align-center elementor-widget elementor-widget-button\" data-id=\"525cd23\" data-element_type=\"widget\" data-e-type=\"widget\" data-widget_type=\"button.default\">\n\t\t\t\t\t\t\t\t\t\t<a class=\"elementor-button elementor-button-link elementor-size-sm\" href=\"tel:+48507764249\">\n\t\t\t\t\t\t<span class=\"elementor-button-content-wrapper\">\n\t\t\t\t\t\t\t\t\t<span class=\"elementor-button-text\">Skontaktuj si\u0119<\/span>\n\t\t\t\t\t<\/span>\n\t\t\t\t\t<\/a>\n\t\t\t\t\t\t\t\t<\/div>\n\t\t\t\t\t<\/div>\n\t\t\t\t<\/div>\n\t\t<div class=\"elementor-element elementor-element-c9eb645 e-grid e-con-boxed e-con e-child\" data-id=\"c9eb645\" data-element_type=\"container\" data-e-type=\"container\">\n\t\t\t\t\t<div class=\"e-con-inner\">\n\t\t\t\t<div class=\"elementor-element elementor-element-9319c6c elementor-widget elementor-widget-text-editor\" data-id=\"9319c6c\" data-element_type=\"widget\" data-e-type=\"widget\" data-widget_type=\"text-editor.default\">\n\t\t\t\t\t\t\t\t\t<p><b>Ksi\u0119gowo\u015b\u0107<\/b><\/p>\n<p>Prowadzimy pe\u0142n\u0105 i uproszczon\u0105 ksi\u0119gowo\u015b\u0107 i rozliczenia podatkowe.<\/p>\t\t\t\t\t\t\t\t<\/div>\n\t\t\t\t<div class=\"elementor-element elementor-element-3bb9bd9 elementor-widget elementor-widget-text-editor\" data-id=\"3bb9bd9\" data-element_type=\"widget\" data-e-type=\"widget\" data-widget_type=\"text-editor.default\">\n\t\t\t\t\t\t\t\t\t<p><b>Konsultacje ksi\u0119gowe<\/b><\/p>\n<p>Pomagamy w optymalizacji koszt\u00f3w i podatk\u00f3w.<\/p>\t\t\t\t\t\t\t\t<\/div>\n\t\t\t\t<div class=\"elementor-element elementor-element-860d128 elementor-widget elementor-widget-text-editor\" data-id=\"860d128\" data-element_type=\"widget\" data-e-type=\"widget\" data-widget_type=\"text-editor.default\">\n\t\t\t\t\t\t\t\t\t<p><b>Wsparcie<\/b><\/p>\n<p>Zapewniamy pomoc w ka\u017cdym aspekcie ksi\u0119gowo\u015bci i systemie KSeF.<\/p>\t\t\t\t\t\t\t\t<\/div>\n\t\t\t\t\t<\/div>\n\t\t\t\t<\/div>\n\t\t\t\t<\/div>\n\t\t<div class=\"elementor-element elementor-element-392a642 e-flex e-con-boxed e-con e-parent\" data-id=\"392a642\" data-element_type=\"container\" data-e-type=\"container\">\n\t\t\t\t\t<div class=\"e-con-inner\">\n\t\t\t\t<div class=\"elementor-element elementor-element-9a91278 elementor-widget elementor-widget-heading\" data-id=\"9a91278\" data-element_type=\"widget\" data-e-type=\"widget\" data-widget_type=\"heading.default\">\n\t\t\t\t\t<h2 class=\"elementor-heading-title elementor-size-default\">KIM JESTE\u015aMY<\/h2>\t\t\t\t<\/div>\n\t\t\t\t\t<\/div>\n\t\t\t\t<\/div>\n\t\t<div class=\"elementor-element elementor-element-b1ab22d e-grid e-con-boxed e-con e-parent\" data-id=\"b1ab22d\" data-element_type=\"container\" data-e-type=\"container\">\n\t\t\t\t\t<div class=\"e-con-inner\">\n\t\t\t\t<div class=\"elementor-element elementor-element-729f9c0 elementor-widget elementor-widget-text-editor\" data-id=\"729f9c0\" data-element_type=\"widget\" data-e-type=\"widget\" data-widget_type=\"text-editor.default\">\n\t\t\t\t\t\t\t\t\t<p class=\"body\" dir=\"auto\" data-pm-slice=\"1 1 []\">GAL-FINANSE to nowoczesne biuro finansowe, kt\u00f3re \u0142\u0105czy do\u015bwiadczenie, rzetelno\u015b\u0107 i indywidualne podej\u015bcie do ka\u017cdego klienta. Nasz\u0105 misj\u0105 jest zapewnienie kompleksowego wsparcia w zakresie finans\u00f3w, tak aby nasi klienci mogli podejmowa\u0107 bezpieczne i \u015bwiadome decyzje \u2013 zar\u00f3wno w \u017cyciu prywatnym, jak i w biznesie.<\/p><p class=\"body\" dir=\"auto\">W Gal-Finanse stawiamy na przejrzysto\u015b\u0107, skuteczno\u015b\u0107 i d\u0142ugofalow\u0105 wsp\u00f3\u0142prac\u0119. Analizujemy potrzeby klienta, dopasowujemy optymalne rozwi\u0105zania finansowe oraz dbamy o ka\u017cdy etap realizacji \u2013 od pierwszej konsultacji po finalizacj\u0119 procesu.<\/p><p class=\"body\" dir=\"auto\">Je\u015bli zale\u017cy Ci na profesjonalnej obs\u0142udze, indywidualnym podej\u015bciu i skutecznych rozwi\u0105zaniach finansowych \u2013 Gal-Finanse to partner, kt\u00f3remu mo\u017cesz zaufa\u0107.<\/p>\t\t\t\t\t\t\t\t<\/div>\n\t\t\t\t<div class=\"elementor-element elementor-element-4b83a20 elementor-widget elementor-widget-image\" data-id=\"4b83a20\" data-element_type=\"widget\" data-e-type=\"widget\" data-widget_type=\"image.default\">\n\t\t\t\t\t\t\t\t\t\t\t\t\t\t\t<img fetchpriority=\"high\" decoding=\"async\" width=\"1024\" height=\"683\" src=\"https:\/\/gal-finanse.pl\/wp-content\/uploads\/2026\/03\/pexels-gustavo-fring-4872018-1024x683.jpg\" class=\"attachment-large size-large wp-image-424\" alt=\"\" srcset=\"https:\/\/gal-finanse.pl\/wp-content\/uploads\/2026\/03\/pexels-gustavo-fring-4872018-1024x683.jpg 1024w, https:\/\/gal-finanse.pl\/wp-content\/uploads\/2026\/03\/pexels-gustavo-fring-4872018-300x200.jpg 300w, https:\/\/gal-finanse.pl\/wp-content\/uploads\/2026\/03\/pexels-gustavo-fring-4872018-768x512.jpg 768w, https:\/\/gal-finanse.pl\/wp-content\/uploads\/2026\/03\/pexels-gustavo-fring-4872018-1536x1024.jpg 1536w, https:\/\/gal-finanse.pl\/wp-content\/uploads\/2026\/03\/pexels-gustavo-fring-4872018-2048x1365.jpg 2048w\" sizes=\"(max-width: 1024px) 100vw, 1024px\" \/>\t\t\t\t\t\t\t\t\t\t\t\t\t\t\t<\/div>\n\t\t\t\t\t<\/div>\n\t\t\t\t<\/div>\n\t\t<div class=\"elementor-element elementor-element-1fa167e e-con-full e-flex e-con e-parent\" data-id=\"1fa167e\" data-element_type=\"container\" data-e-type=\"container\" data-settings=\"{&quot;background_background&quot;:&quot;classic&quot;,&quot;background_motion_fx_motion_fx_scrolling&quot;:&quot;yes&quot;,&quot;background_motion_fx_translateY_effect&quot;:&quot;yes&quot;,&quot;background_motion_fx_translateY_speed&quot;:{&quot;unit&quot;:&quot;px&quot;,&quot;size&quot;:2.3,&quot;sizes&quot;:[]},&quot;background_motion_fx_translateY_affectedRange&quot;:{&quot;unit&quot;:&quot;%&quot;,&quot;size&quot;:&quot;&quot;,&quot;sizes&quot;:{&quot;start&quot;:8,&quot;end&quot;:88}},&quot;motion_fx_motion_fx_scrolling&quot;:&quot;yes&quot;,&quot;motion_fx_translateY_effect&quot;:&quot;yes&quot;,&quot;motion_fx_translateY_direction&quot;:&quot;negative&quot;,&quot;motion_fx_translateY_speed&quot;:{&quot;unit&quot;:&quot;px&quot;,&quot;size&quot;:7.8,&quot;sizes&quot;:[]},&quot;background_motion_fx_devices&quot;:[&quot;desktop&quot;,&quot;tablet&quot;,&quot;mobile&quot;],&quot;motion_fx_translateY_affectedRange&quot;:{&quot;unit&quot;:&quot;%&quot;,&quot;size&quot;:&quot;&quot;,&quot;sizes&quot;:{&quot;start&quot;:0,&quot;end&quot;:100}},&quot;motion_fx_devices&quot;:[&quot;desktop&quot;,&quot;tablet&quot;,&quot;mobile&quot;]}\">\n\t\t<div class=\"elementor-element elementor-element-283f93f e-con-full e-flex e-con e-child\" data-id=\"283f93f\" data-element_type=\"container\" data-e-type=\"container\">\n\t\t\t\t<div class=\"elementor-element elementor-element-fea0fd8 elementor-widget__width-initial elementor-widget elementor-widget-heading\" data-id=\"fea0fd8\" data-element_type=\"widget\" data-e-type=\"widget\" data-widget_type=\"heading.default\">\n\t\t\t\t\t<h5 class=\"elementor-heading-title elementor-size-default\">Zapoznaj si\u0119 z naszymi g\u0142\u00f3wnymi us\u0142ugami, kt\u00f3re oferujemy klientom.<\/h5>\t\t\t\t<\/div>\n\t\t\t\t<\/div>\n\t\t<div class=\"elementor-element elementor-element-e02d607 e-con-full e-flex e-con e-child\" data-id=\"e02d607\" data-element_type=\"container\" data-e-type=\"container\">\n\t\t\t\t<div class=\"elementor-element elementor-element-b8a6a3f elementor-widget__width-initial elementor-widget elementor-widget-text-editor\" data-id=\"b8a6a3f\" data-element_type=\"widget\" data-e-type=\"widget\" data-widget_type=\"text-editor.default\">\n\t\t\t\t\t\t\t\t\t<h5><span style=\"text-decoration: underline;\"><strong>Obs\u0142uga kadrowa<\/strong><\/span><\/h5><p>Kompleksowa obs\u0142uga p\u0142ac i dokumentacji pracowniczej.<\/p><h5><span style=\"text-decoration: underline;\"><strong>Ksi\u0119gowo\u015b\u0107<\/strong><\/span><\/h5><p>Prowadzenie ksi\u0105g rachunkowych i rozlicze\u0144 podatkowych.<\/p><h5><span style=\"text-decoration: underline;\"><strong>Konsultacje ksi\u0119gowe<\/strong><\/span><\/h5><p>Wsparcie w optymalizacji podatkowej, pomoc przy wnioskach i deklaracjach.<\/p><h5><span style=\"text-decoration: underline;\"><strong>Faktury<\/strong><\/span><\/h5><p>Wystawianie i obs\u0142uga faktur w systemie KSeF.<\/p>\t\t\t\t\t\t\t\t<\/div>\n\t\t\t\t<\/div>\n\t\t\t\t<\/div>\n\t\t\t\t<\/div>\n\t\t","protected":false},"excerpt":{"rendered":"<p>profesjonalna ksi\u0119gowo\u015b\u0107 dla Twojej firmy Twoje finanse pod kontrol\u0105 Skontaktuj si\u0119 Ksi\u0119gowo\u015b\u0107 Prowadzimy pe\u0142n\u0105 i uproszczon\u0105 ksi\u0119gowo\u015b\u0107 i rozliczenia podatkowe. Konsultacje ksi\u0119gowe Pomagamy w optymalizacji koszt\u00f3w i podatk\u00f3w. Wsparcie Zapewniamy pomoc w ka\u017cdym aspekcie ksi\u0119gowo\u015bci i systemie KSeF. KIM JESTE\u015aMY GAL-FINANSE to nowoczesne biuro finansowe, kt\u00f3re \u0142\u0105czy do\u015bwiadczenie, rzetelno\u015b\u0107 i indywidualne podej\u015bcie do ka\u017cdego klienta. [&hellip;]<\/p>\n","protected":false},"author":1,"featured_media":0,"parent":0,"menu_order":0,"comment_status":"closed","ping_status":"closed","template":"page-with-title","meta":{"footnotes":""},"class_list":["post-68","page","type-page","status-publish","hentry"],"_links":{"self":[{"href":"https:\/\/gal-finanse.pl\/index.php?rest_route=\/wp\/v2\/pages\/68","targetHints":{"allow":["GET"]}}],"collection":[{"href":"https:\/\/gal-finanse.pl\/index.php?rest_route=\/wp\/v2\/pages"}],"about":[{"href":"https:\/\/gal-finanse.pl\/index.php?rest_route=\/wp\/v2\/types\/page"}],"author":[{"embeddable":true,"href":"https:\/\/gal-finanse.pl\/index.php?rest_route=\/wp\/v2\/users\/1"}],"replies":[{"embeddable":true,"href":"https:\/\/gal-finanse.pl\/index.php?rest_route=%2Fwp%2Fv2%2Fcomments&post=68"}],"version-history":[{"count":62,"href":"https:\/\/gal-finanse.pl\/index.php?rest_route=\/wp\/v2\/pages\/68\/revisions"}],"predecessor-version":[{"id":547,"href":"https:\/\/gal-finanse.pl\/index.php?rest_route=\/wp\/v2\/pages\/68\/revisions\/547"}],"wp:attachment":[{"href":"https:\/\/gal-finanse.pl\/index.php?rest_route=%2Fwp%2Fv2%2Fmedia&parent=68"}],"curies":[{"name":"wp","href":"https:\/\/api.w.org\/{rel}","templated":true}]}}